{"id":7499,"date":"2020-10-12T14:04:18","date_gmt":"2020-10-12T12:04:18","guid":{"rendered":"https:\/\/trends-business-information.be\/algemene-voorwaarden\/"},"modified":"2025-10-16T19:42:40","modified_gmt":"2025-10-16T17:42:40","slug":"conditions-generales-de-vente","status":"publish","type":"page","link":"https:\/\/trends-business-information.be\/fr\/conditions-generales-de-vente","title":{"rendered":"Conditions G\u00e9n\u00e9rales de Vente"},"content":{"rendered":"<h3>Conditions G\u00e9n\u00e9rales de Vente<\/h3>\n<h5>Trends Business Information (d\u00e9partement de Roularta Media Group)<\/h5>\n<p>&nbsp;<\/p>\n<h5>COMMANDE<\/h5>\n<p>Toute demande est consid\u00e9r\u00e9e comme ferme d\u00e8s la r\u00e9ception par courrier ou fax d&rsquo;un bon de commande ou de tout autre document en tenant lieu, y compris \u00e9lectronique, sign\u00e9 par le client. Sauf stipulation \u00e9crite contraire, toute commande implique l&rsquo;adh\u00e9sion du client aux pr\u00e9sentes conditions g\u00e9n\u00e9rales et sa renonciation \u00e0 se pr\u00e9valoir des siennes.<\/p>\n<div class=\"separator transparent center \"><\/div>\n<h5>OFFRE<\/h5>\n<p>A la demande du client, Roularta Media Group peut faire une offre correspondant au besoin exprim\u00e9 par le client. Vu la mise \u00e0 jour quotidienne de nos informations et de nos banques de donn\u00e9es, les quantit\u00e9s, d\u00e9lais et prix sont donn\u00e9s \u00e0 titre indicatif. Seuls sont fermes, pendant une p\u00e9riode de 30 jours calendrier suivant la date de l&rsquo;offre, les prix unitaires des informations et les prix forfaitaires.<\/p>\n<div class=\"separator transparent center \"><\/div>\n<h5>DELAIS<\/h5>\n<p>Roularta Media Group mettra tout en \u0153uvre pour respecter le d\u00e9lai ou la fr\u00e9quence de livraison fix\u00e9e dans le bon de commande. Toutefois, sa responsabilit\u00e9 ne pourra \u00eatre engag\u00e9e pour des retards ou des d\u00e9faillances dus \u00e0 des \u00e9l\u00e9ments ou \u00e9v\u00e9nements \u00e9chappant \u00e0 son contr\u00f4le, tels que retards dans la fourniture des donn\u00e9es \u00e9manant des instances sources ou d\u00e9faillances de mat\u00e9riel.<\/p>\n<div class=\"separator transparent center \"><\/div>\n<h5>DUREE<\/h5>\n<p><strong>Abonnements<\/strong><\/p>\n<p>Sauf\u00a0 mention contraire, les abonnements ou logins sont conclus pour une dur\u00e9e initiale d&rsquo;un ou trois ans. Ils sont tacitement reconductibles \u00e0 l&rsquo;\u00e9ch\u00e9ance pour la dur\u00e9e initiale. Ils peuvent \u00eatre d\u00e9nonc\u00e9s moyennant un pr\u00e9avis remis par lettre recommand\u00e9e trois mois avant la date d&rsquo;\u00e9ch\u00e9ance.<\/p>\n<div class=\"separator transparent center \"><\/div>\n<p><strong>Achat d&rsquo;unit\u00e9s<\/strong><\/p>\n<p>Les unit\u00e9s ou cr\u00e9dits achet\u00e9s sont valables un an, \u00e0 valoir sur la consommation future.<\/p>\n<div class=\"separator transparent center \"><\/div>\n<h5>RESPONSABILITE<\/h5>\n<p>L&rsquo;ex\u00e9cution de la commande du client est effectu\u00e9e par un personnel qualifi\u00e9 et le plus grand soin est apport\u00e9 \u00e0 la r\u00e9alisation. Toutefois, vu la nature et le nombre d&rsquo;informations trait\u00e9es, Roularta Media Group ne peut en garantir la compl\u00e8te exactitude, ni l&rsquo;exhaustivit\u00e9. Roularta Media Group assume une obligation de moyens. Toute r\u00e9clamation devra, pour \u00eatre recevable, parvenir par \u00e9crit dans les 30 jours calendrier suivant la livraison de la commande. Apr\u00e8s cette date, toute livraison sera consid\u00e9r\u00e9e comme conforme aux sp\u00e9cifications du bon de commande. Si la responsabilit\u00e9 de Roularta Media Group devait \u00eatre engag\u00e9e, celle-ci est express\u00e9ment limit\u00e9e au montant de la commande factur\u00e9e au client. Ne peuvent en aucun cas donner droit \u00e0 une indemnisation dans le chef du client, m\u00eame si Roularta Media Group a \u00e9t\u00e9 avis\u00e9 de tels dommages:\u00a0 &#8211; les dommages r\u00e9sultant d&rsquo;une faute ou d&rsquo;une n\u00e9gligence du client; &#8211; les dommages indirects, notamment commerciaux et financiers, tels\u00a0que diminution de b\u00e9n\u00e9fices, augmentation de charges, perte de client\u00e8le ou d&rsquo;\u00e9conomies escompt\u00e9es, perturbation des plans; &#8211; les actions ou r\u00e9clamations \u00e9manant de tiers.<\/p>\n<div class=\"separator transparent center \"><\/div>\n<h5>USAGE DES DONNEES<\/h5>\n<p>Le client s&rsquo;engage \u00e0 limiter l&rsquo;usage des donn\u00e9es \u00e0 ses besoins internes de gestion. Il ne peut les vendre, les louer ou les transf\u00e9rer \u00e0 titre gracieux ou on\u00e9reux \u00e0 un tiers sans l&rsquo;accord pr\u00e9alable et \u00e9crit de Roularta Media Group. Si le client est amen\u00e9 pour ses besoins internes de gestion \u00e0 transf\u00e9rer des donn\u00e9es \u00e0 un tiers, il s&rsquo;engage vis \u00e0 vis\u00a0de Roularta Media Group\u00a0\u00e0 garantir leur non diffusion, sous quelque forme que ce soit, par ce tiers. En cas de violation de la pr\u00e9sente disposition, Roularta Media Group se r\u00e9serve le droit de r\u00e9clamer des dommages et int\u00e9r\u00eats s&rsquo;\u00e9levant forfaitairement \u00e0 minimum dix fois le prix des donn\u00e9es command\u00e9es, sauf en cas de pr\u00e9judice sup\u00e9rieur.<\/p>\n<p>&nbsp;<\/p>\n<h5>GDPR<\/h5>\n<p>Les donn\u00e9es publi\u00e9es sont collect\u00e9es, d&rsquo;une part sur base de sources officielles pour lesquelles nous disposons des licences n\u00e9cessaires pour la redistribution \u00e0 des fins commerciales et, d&rsquo;autre part, sur base de nos propres enqu\u00eates r\u00e9alis\u00e9es par t\u00e9l\u00e9phone, e-mail et courrier postal aupr\u00e8s des entreprises concern\u00e9es. Ceci concerne exclusivement les donn\u00e9es li\u00e9es \u00e0 l&rsquo;exercice d&rsquo;une activit\u00e9 professionnelle (donn\u00e9es dites B to B). Le traitement de ces donn\u00e9es, y compris les donn\u00e9es personnelles des gestionnaires et des ind\u00e9pendants\/entreprises individuelles, est d&rsquo;une importance cruciale pour fournir une image compl\u00e8te et \u00e0 jour soit d&rsquo;une entreprise soit de toute la population des entreprises belges. En tant que bureau d&rsquo;information commerciale, ce traitement rel\u00e8ve totalement de \u00abl&rsquo;int\u00e9r\u00eat l\u00e9gitime\u00bb.<\/p>\n<p>&nbsp;<\/p>\n<p>Le client lui-m\u00eame doit s&rsquo;assurer de l&rsquo;existence d&rsquo;une base juridique valide (par exemple: le consentement, l&rsquo;int\u00e9r\u00eat l\u00e9gitime) et du respect de la l\u00e9gislation GDPR lorsqu&rsquo;il utilise des donn\u00e9es \u00e0 des fins de marketing direct. Les donn\u00e9es personnelles fournies par Trends Business Information ne peuvent pas \u00eatre utilis\u00e9es ou diffus\u00e9es \u00e0 des fins de marketing direct sans cette base juridique.<\/p>\n<p>&nbsp;<\/p>\n<p>Pour ce qui concerne le traitement, l&rsquo;enregistrement et l&rsquo;utilisation des informations sur les fonctions manag\u00e9riales \u00abnon officielles\u00bb et des adresses e-mail personnelles des mandataires officiels (administrateurs, g\u00e9rants, partenaires, etc.) et op\u00e9rationnels, nous confirmons que les personnes concern\u00e9es ont \u00e9t\u00e9 inform\u00e9es. Conform\u00e9ment \u00e0 la l\u00e9gislation sur la protection de la vie priv\u00e9e, la \u00abpersonne concern\u00e9e\u00bb est inform\u00e9e de son enregistrement et de ses droits. L&rsquo;utilisation de ces adresses e-mail personnelles \u00e0 des fins de communication est r\u00e9gie par la loi du 13 juin 2005 relative aux communications \u00e9lectroniques (et non par le nouveau GDPR).<\/p>\n<p>&nbsp;<\/p>\n<p>La politique commerciale de Trends Business Information est en ligne avec la r\u00e9glementation actuelle et par extension la nouvelle. Le r\u00e8glement stipule que chaque entreprise doit prouver que toutes les donn\u00e9es personnelles collect\u00e9es (achet\u00e9es), stock\u00e9es, utilis\u00e9es pour des campagnes de marketing direct, etc., sont trait\u00e9es par elle conform\u00e9ment \u00e0 la l\u00e9gislation en vigueur. Pour plus d&rsquo;informations : compliance@trends-business-information.be<\/p>\n<p>&nbsp;<\/p>\n<p>Lisez <a href=\"https:\/\/trends-business-information.be\/gdpr\">ici<\/a> notre position sur le GDPR.<\/p>\n<p>&nbsp;<\/p>\n<h5>NE-M&rsquo;APPELEZ-PLUS<\/h5>\n<p>Le client s&rsquo;engage \u00e0 respecter tous les aspects de la l\u00e9gislation concernant la liste &lsquo;Ne m&rsquo;appelez plus&rsquo; et en portera toutes les cons\u00e9quences en cas d&rsquo;effraction. Plus d&rsquo;information sur\u00a0<a href=\"https:\/\/www.dncm.be\/fr\/\"><span style=\"color: #0066cc;\">https:\/\/www.dncm.be\/fr\/<\/span><\/a>.<\/p>\n<p>&nbsp;<\/p>\n<div>\n<h5>LEADINFO<\/h5>\n<p>Trends Business Information utilise Leadinfo pour identifier les entreprises qui consultent nos sites web. Leadinfo reconna\u00eet les entreprises sur la base de leur adresse IP, ce qui est conforme aux directives du GDPR. Seules les donn\u00e9es de l&rsquo;entreprise li\u00e9es (B2B) nous sont fournies.<\/p>\n<p>&nbsp;<\/p>\n<\/div>\n<div><\/div>\n<div>\n<h5><strong>VIE PRIVEE<\/strong><\/h5>\n<p>Roularta Media Group,\u00a0Rue de la Fus\u00e9e 50\/17, 1130 Bruxelles,\u00a0est responsable de la base de donn\u00e9es reprenant les donn\u00e9es que vous nous fournissez. Vous avez le droit de consulter ces donn\u00e9es et d&rsquo;en demander la rectification ou la suppression. Les donn\u00e9es peuvent servir \u00e0 vous tenir inform\u00e9 sur nos activit\u00e9s. Si vous ne le souhaitez pas, vous pouvez en informer l&rsquo;\u00e9diteur.\u00a0<a href=\"https:\/\/www.roularta.be\/fr\/privacy\" target=\"_blank\" rel=\"noopener\">Privacy statement Roularta Media Group.<\/a><\/p>\n<\/div>\n<h5><\/h5>\n<h5>PRIX ET FACTURATION<\/h5>\n<p>Sauf stipulation \u00e9crite contraire, toute commande est payable au grand comptant \u00e0 la livraison. Les abonnements sont payables anticipativement, au grand comptant, \u00e0 la premi\u00e8re livraison. Tous les prix stipul\u00e9s s&rsquo;entendent \u00abhors taxes\u00bb. Tous droits et taxes applicables sont \u00e0 charge du client. Les prix indiqu\u00e9s sont en fonction du tarif en vigueur lors de la signature du bon de commande ou du contrat. Roularta Media Group se r\u00e9serve le droit de modifier ceux-ci \u00e0 tout moment, sauf en cas d&rsquo;abonnement o\u00f9 les prix peuvent \u00eatre revus annuellement. En cas de non paiement \u00e0 l&rsquo;\u00e9ch\u00e9ance, un int\u00e9r\u00eat de retard de 1 % par mois sera d\u00fb de plein droit et sans mise en demeure pr\u00e9alable sur les montants impay\u00e9s. Tout mois commenc\u00e9 sera consid\u00e9r\u00e9 comme mois entier. En cas de non paiement \u00e0 l&rsquo;\u00e9ch\u00e9ance, le montant de la facture sera augment\u00e9 de plein droit et sans mise en demeure de 15%. Toutes les livraisons sont aux\u00a0 frais, risques et p\u00e9rils du client. Roularta Media Group ne peut \u00eatre tenu pour responsable des retards ou des pertes \u00e9ventuelles occasionn\u00e9es par la poste, les chemins de fer ou tout autre moyen de transport.<\/p>\n<div class=\"separator transparent center \"><\/div>\n<h5>DISPOSITIONS DIVERSES<\/h5>\n<p>En vue de mieux r\u00e9pondre aux besoins de ses clients, Roularta Media Group se r\u00e9serve le droit de modifier ses produits et les services annexes qui y sont attach\u00e9.<\/p>\n<p>Le client ne pourra, sans l&rsquo;accord \u00e9crit de Roularta Media Group, c\u00e9der \u00e0 un tiers le b\u00e9n\u00e9fice du pr\u00e9sent document. Les pr\u00e9sentes dispositions sont r\u00e9gies par le droit belge. En cas de litige, seuls le sixi\u00e8me canton de la Justice de paix de Bruxelles et le Tribunal de commerce de Bruxelles sont comp\u00e9tents.<\/p>\n<h3 class=\"text-red\" style=\"text-align: center;\">Vous avez des questions ?<\/h3>\n<hr style=\"border-top-width:2px;border-top-style:solid;border-color:#e10d1a;\" \/>\n<h3 style=\"text-align: center;\">L&rsquo;\u00e9quipe Trends Business Information se fera un plaisir de r\u00e9pondre \u00e0 vos questions.<\/h3>\n<p>&nbsp;<\/p>\n<p style=\"text-align: center;\">Vous n&rsquo;avez pas trouv\u00e9 ce que vous recherchez ? Notre \u00e9quipe de collaborateurs met tout en \u0153uvre pour vous aider le plus efficacement possible.<\/p>\n<script>\nvar gform;gform||(document.addEventListener(\"gform_main_scripts_loaded\",function(){gform.scriptsLoaded=!0}),document.addEventListener(\"gform\/theme\/scripts_loaded\",function(){gform.themeScriptsLoaded=!0}),window.addEventListener(\"DOMContentLoaded\",function(){gform.domLoaded=!0}),gform={domLoaded:!1,scriptsLoaded:!1,themeScriptsLoaded:!1,isFormEditor:()=>\"function\"==typeof InitializeEditor,callIfLoaded:function(o){return!(!gform.domLoaded||!gform.scriptsLoaded||!gform.themeScriptsLoaded&&!gform.isFormEditor()||(gform.isFormEditor()&&console.warn(\"The use of gform.initializeOnLoaded() is deprecated in the form editor context and will be removed in Gravity Forms 3.1.\"),o(),0))},initializeOnLoaded:function(o){gform.callIfLoaded(o)||(document.addEventListener(\"gform_main_scripts_loaded\",()=>{gform.scriptsLoaded=!0,gform.callIfLoaded(o)}),document.addEventListener(\"gform\/theme\/scripts_loaded\",()=>{gform.themeScriptsLoaded=!0,gform.callIfLoaded(o)}),window.addEventListener(\"DOMContentLoaded\",()=>{gform.domLoaded=!0,gform.callIfLoaded(o)}))},hooks:{action:{},filter:{}},addAction:function(o,r,e,t){gform.addHook(\"action\",o,r,e,t)},addFilter:function(o,r,e,t){gform.addHook(\"filter\",o,r,e,t)},doAction:function(o){gform.doHook(\"action\",o,arguments)},applyFilters:function(o){return gform.doHook(\"filter\",o,arguments)},removeAction:function(o,r){gform.removeHook(\"action\",o,r)},removeFilter:function(o,r,e){gform.removeHook(\"filter\",o,r,e)},addHook:function(o,r,e,t,n){null==gform.hooks[o][r]&&(gform.hooks[o][r]=[]);var d=gform.hooks[o][r];null==n&&(n=r+\"_\"+d.length),gform.hooks[o][r].push({tag:n,callable:e,priority:t=null==t?10:t})},doHook:function(r,o,e){var t;if(e=Array.prototype.slice.call(e,1),null!=gform.hooks[r][o]&&((o=gform.hooks[r][o]).sort(function(o,r){return o.priority-r.priority}),o.forEach(function(o){\"function\"!=typeof(t=o.callable)&&(t=window[t]),\"action\"==r?t.apply(null,e):e[0]=t.apply(null,e)})),\"filter\"==r)return e[0]},removeHook:function(o,r,t,n){var e;null!=gform.hooks[o][r]&&(e=(e=gform.hooks[o][r]).filter(function(o,r,e){return!!(null!=n&&n!=o.tag||null!=t&&t!=o.priority)}),gform.hooks[o][r]=e)}});\n<\/script>\n\n                <div class='gf_browser_gecko gform_wrapper gform_legacy_markup_wrapper gform-theme--no-framework' data-form-theme='legacy' data-form-index='0' id='gform_wrapper_4' ><div id='gf_4' class='gform_anchor' tabindex='-1'><\/div><form method='post' enctype='multipart\/form-data' target='gform_ajax_frame_4' id='gform_4'  action='\/fr\/wp-json\/wp\/v2\/pages\/7499#gf_4' data-formid='4' novalidate><div class='gf_invisible ginput_recaptchav3'  data-tabindex='0'><input id=\"input_35be03f21148cf7daf00d9edcddf7231\" class=\"gfield_recaptcha_response\" type=\"hidden\" name=\"input_35be03f21148cf7daf00d9edcddf7231\" value=\"\"\/><\/div>\n                        <div class='gform-body gform_body'><ul id='gform_fields_4' class='gform_fields top_label form_sublabel_below description_below validation_below'><li id=\"field_4_6\" class=\"gfield gfield--type-honeypot gform_validation_container field_sublabel_below gfield--has-description field_description_below field_validation_below gfield_visibility_visible\"  ><label class='gfield_label gform-field-label' for='input_4_6'>Company<\/label><div class='ginput_container'><input name='input_6' id='input_4_6' type='text' value='' autocomplete='new-password'\/><\/div><div class='gfield_description' id='gfield_description_4_6'>Ce champ n\u2019est utilis\u00e9 qu\u2019\u00e0 des fins de validation et devrait rester inchang\u00e9.<\/div><\/li><li id=\"field_4_2\" class=\"gfield gfield--type-text gf_left_half gfield_contains_required field_sublabel_below gfield--no-description field_description_below hidden_label field_validation_below gfield_visibility_visible\"  ><label class='gfield_label gform-field-label screen-reader-text' for='input_4_2'>nom<span class=\"gfield_required\"><span class=\"gfield_required gfield_required_asterisk\">*<\/span><\/span><\/label><div class='ginput_container ginput_container_text'><input name='input_2' id='input_4_2' type='text' value='' class='medium'    placeholder='nom' aria-required=\"true\" aria-invalid=\"false\"   \/><\/div><\/li><li id=\"field_4_3\" class=\"gfield gfield--type-email gf_right_half gfield_contains_required field_sublabel_below gfield--no-description field_description_below hidden_label field_validation_below gfield_visibility_visible\"  ><label class='gfield_label gform-field-label screen-reader-text' for='input_4_3'>Adresse e-mail<span class=\"gfield_required\"><span class=\"gfield_required gfield_required_asterisk\">*<\/span><\/span><\/label><div class='ginput_container ginput_container_email'>\n                            <input name='input_3' id='input_4_3' type='email' value='' class='medium'   placeholder='Adresse e-mail' aria-required=\"true\" aria-invalid=\"false\"  \/>\n                        <\/div><\/li><li id=\"field_4_4\" class=\"gfield gfield--type-textarea gfield_contains_required field_sublabel_below gfield--no-description field_description_below hidden_label field_validation_below gfield_visibility_visible\"  ><label class='gfield_label gform-field-label screen-reader-text' for='input_4_4'>Votre Message<span class=\"gfield_required\"><span class=\"gfield_required gfield_required_asterisk\">*<\/span><\/span><\/label><div class='ginput_container ginput_container_textarea'><textarea name='input_4' id='input_4_4' class='textarea medium'    placeholder='Votre Message' aria-required=\"true\" aria-invalid=\"false\"   rows='10' cols='50'><\/textarea><\/div><\/li><li id=\"field_4_5\" class=\"gfield gfield--type-captcha field_sublabel_below gfield--no-description field_description_below hidden_label field_validation_below gfield_visibility_visible\"  ><label class='gfield_label gform-field-label' for='input_4_5'>CAPTCHA<\/label><div id='input_4_5' class='ginput_container ginput_recaptcha' data-sitekey='6Le2XWEsAAAAALjNd6goj_Rns2oBxu3RGA_wQ1Ur'  data-theme='light' data-tabindex='-1' data-size='invisible' data-badge='bottomright'><\/div><\/li><\/ul><\/div>\n        <div class='gform-footer gform_footer top_label'> <input type='submit' id='gform_submit_button_4' class='gform_button button' onclick='gform.submission.handleButtonClick(this);' data-submission-type='submit' value='Envoyer'  \/> <input type='hidden' name='gform_ajax' value='form_id=4&amp;title=&amp;description=&amp;tabindex=0&amp;theme=legacy&amp;styles=[]&amp;hash=1b4891057f3412c0c6d3f100d6b792b2' \/>\n            <input type='hidden' class='gform_hidden' name='gform_submission_method' data-js='gform_submission_method_4' value='iframe' \/>\n            <input type='hidden' class='gform_hidden' name='gform_theme' data-js='gform_theme_4' id='gform_theme_4' value='legacy' \/>\n            <input type='hidden' class='gform_hidden' name='gform_style_settings' data-js='gform_style_settings_4' id='gform_style_settings_4' value='[]' \/>\n            <input type='hidden' class='gform_hidden' name='is_submit_4' value='1' \/>\n            <input type='hidden' class='gform_hidden' name='gform_submit' value='4' \/>\n            \n            <input type='hidden' class='gform_hidden' name='gform_currency' data-currency='EUR' value='3co4jZJScmZjZbesfERYLbs16FALUq8gp2rOZS8i0bR9+bC98CM6aSTxMzd9PrMlEzOancVaUyggkxEcJWay+EoRozdO9OHv1F1f4D0\/iA8RMFA=' \/>\n            <input type='hidden' class='gform_hidden' name='gform_unique_id' value='' \/>\n            <input type='hidden' class='gform_hidden' name='state_4' value='WyJbXSIsImVlN2IyMGE3YjVmNGY2ZWI3MjJjNzRkY2MzNGJhOTkxIl0=' \/>\n            <input type='hidden' autocomplete='off' class='gform_hidden' name='gform_target_page_number_4' id='gform_target_page_number_4' value='0' \/>\n            <input type='hidden' autocomplete='off' class='gform_hidden' name='gform_source_page_number_4' id='gform_source_page_number_4' value='1' \/>\n            <input type='hidden' name='gform_field_values' value='' \/>\n            \n        <\/div>\n                        <\/form>\n                        <\/div>\n\t\t                <iframe style='display:none;width:0px;height:0px;' src='about:blank' name='gform_ajax_frame_4' id='gform_ajax_frame_4' title='Cette iframe contient la logique n\u00e9cessaire pour manipuler Gravity Forms avec Ajax.'><\/iframe>\n\t\t                <script>\ngform.initializeOnLoaded( function() {gformInitSpinner( 4, 'https:\/\/trends-business-information.be\/wp-content\/plugins\/gravityforms\/images\/spinner.svg', true );jQuery('#gform_ajax_frame_4').on('load',function(){var contents = jQuery(this).contents().find('*').html();var is_postback = contents.indexOf('GF_AJAX_POSTBACK') >= 0;if(!is_postback){return;}var form_content = jQuery(this).contents().find('#gform_wrapper_4');var is_confirmation = jQuery(this).contents().find('#gform_confirmation_wrapper_4').length > 0;var is_redirect = contents.indexOf('gformRedirect(){') >= 0;var is_form = form_content.length > 0 && ! is_redirect && ! is_confirmation;var mt = parseInt(jQuery('html').css('margin-top'), 10) + parseInt(jQuery('body').css('margin-top'), 10) + 100;if(is_form){jQuery('#gform_wrapper_4').html(form_content.html());if(form_content.hasClass('gform_validation_error')){jQuery('#gform_wrapper_4').addClass('gform_validation_error');} else {jQuery('#gform_wrapper_4').removeClass('gform_validation_error');}setTimeout( function() { \/* delay the scroll by 50 milliseconds to fix a bug in chrome *\/ jQuery(document).scrollTop(jQuery('#gform_wrapper_4').offset().top - mt); }, 50 );if(window['gformInitDatepicker']) {gformInitDatepicker();}if(window['gformInitPriceFields']) {gformInitPriceFields();}var current_page = jQuery('#gform_source_page_number_4').val();gformInitSpinner( 4, 'https:\/\/trends-business-information.be\/wp-content\/plugins\/gravityforms\/images\/spinner.svg', true );jQuery(document).trigger('gform_page_loaded', [4, current_page]);window['gf_submitting_4'] = false;}else if(!is_redirect){var confirmation_content = jQuery(this).contents().find('.GF_AJAX_POSTBACK').html();if(!confirmation_content){confirmation_content = contents;}jQuery('#gform_wrapper_4').replaceWith(confirmation_content);jQuery(document).scrollTop(jQuery('#gf_4').offset().top - mt);jQuery(document).trigger('gform_confirmation_loaded', [4]);window['gf_submitting_4'] = false;wp.a11y.speak(jQuery('#gform_confirmation_message_4').text());}else{jQuery('#gform_4').append(contents);if(window['gformRedirect']) {gformRedirect();}}jQuery(document).trigger(\"gform_pre_post_render\", [{ formId: \"4\", currentPage: \"current_page\", abort: function() { this.preventDefault(); } }]);        if (event && event.defaultPrevented) {                return;        }        const gformWrapperDiv = document.getElementById( \"gform_wrapper_4\" );        if ( gformWrapperDiv ) {            const visibilitySpan = document.createElement( \"span\" );            visibilitySpan.id = \"gform_visibility_test_4\";            gformWrapperDiv.insertAdjacentElement( \"afterend\", visibilitySpan );        }        const visibilityTestDiv = document.getElementById( \"gform_visibility_test_4\" );        let postRenderFired = false;        function triggerPostRender() {            if ( postRenderFired ) {                return;            }            postRenderFired = true;            gform.core.triggerPostRenderEvents( 4, current_page );            if ( visibilityTestDiv ) {                visibilityTestDiv.parentNode.removeChild( visibilityTestDiv );            }        }        function debounce( func, wait, immediate ) {            var timeout;            return function() {                var context = this, args = arguments;                var later = function() {                    timeout = null;                    if ( !immediate ) func.apply( context, args );                };                var callNow = immediate && !timeout;                clearTimeout( timeout );                timeout = setTimeout( later, wait );                if ( callNow ) func.apply( context, args );            };        }        const debouncedTriggerPostRender = debounce( function() {            triggerPostRender();        }, 200 );        if ( visibilityTestDiv && visibilityTestDiv.offsetParent === null ) {            const observer = new MutationObserver( ( mutations ) => {                mutations.forEach( ( mutation ) => {                    if ( mutation.type === 'attributes' && visibilityTestDiv.offsetParent !== null ) {                        debouncedTriggerPostRender();                        observer.disconnect();                    }                });            });            observer.observe( document.body, {                attributes: true,                childList: false,                subtree: true,                attributeFilter: [ 'style', 'class' ],            });        } else {            triggerPostRender();        }    } );} );\n<\/script>\n\n","protected":false},"excerpt":{"rendered":"<p>Conditions G\u00e9n\u00e9rales de Vente Trends Business Information (d\u00e9partement de Roularta Media Group) &nbsp; COMMANDE Toute demande est consid\u00e9r\u00e9e comme ferme d\u00e8s la r\u00e9ception par courrier ou fax d&rsquo;un bon de commande ou de tout autre document en tenant lieu, y compris \u00e9lectronique, sign\u00e9 par le client. Sauf stipulation \u00e9crite contraire, toute commande implique l&rsquo;adh\u00e9sion du [&hellip;]<\/p>\n","protected":false},"author":12,"featured_media":0,"parent":0,"menu_order":200,"comment_status":"closed","ping_status":"closed","template":"","meta":{"_acf_changed":false,"footnotes":""},"categories":[],"tags":[],"class_list":["post-7499","page","type-page","status-publish","hentry"],"acf":[],"_links":{"self":[{"href":"https:\/\/trends-business-information.be\/fr\/wp-json\/wp\/v2\/pages\/7499","targetHints":{"allow":["GET"]}}],"collection":[{"href":"https:\/\/trends-business-information.be\/fr\/wp-json\/wp\/v2\/pages"}],"about":[{"href":"https:\/\/trends-business-information.be\/fr\/wp-json\/wp\/v2\/types\/page"}],"author":[{"embeddable":true,"href":"https:\/\/trends-business-information.be\/fr\/wp-json\/wp\/v2\/users\/12"}],"replies":[{"embeddable":true,"href":"https:\/\/trends-business-information.be\/fr\/wp-json\/wp\/v2\/comments?post=7499"}],"version-history":[{"count":0,"href":"https:\/\/trends-business-information.be\/fr\/wp-json\/wp\/v2\/pages\/7499\/revisions"}],"wp:attachment":[{"href":"https:\/\/trends-business-information.be\/fr\/wp-json\/wp\/v2\/media?parent=7499"}],"wp:term":[{"taxonomy":"category","embeddable":true,"href":"https:\/\/trends-business-information.be\/fr\/wp-json\/wp\/v2\/categories?post=7499"},{"taxonomy":"post_tag","embeddable":true,"href":"https:\/\/trends-business-information.be\/fr\/wp-json\/wp\/v2\/tags?post=7499"}],"curies":[{"name":"wp","href":"https:\/\/api.w.org\/{rel}","templated":true}]}}