{"id":7596,"date":"2020-08-26T13:59:01","date_gmt":"2020-08-26T11:59:01","guid":{"rendered":"https:\/\/trends-business-information.be\/risicomanagement-compliance\/"},"modified":"2025-10-16T19:42:42","modified_gmt":"2025-10-16T17:42:42","slug":"risicomanagement-compliance","status":"publish","type":"page","link":"https:\/\/trends-business-information.be\/fr\/risicomanagement-compliance","title":{"rendered":"Gestion du risque &#038; compliance"},"content":{"rendered":"<h1 class=\"h3look\">Gestion du risque &amp; compliance<\/h1>\n<h2 class=\"h5look\">Comment pouvons-nous vous aider ?<\/h2>\n<p>&nbsp;<\/p>\n<p>Vous voulez prot\u00e9ger votre entreprise des <strong>risques financiers<\/strong> ? Nos diff\u00e9rentes solutions vous aident \u00e0 \u00e9valuer <strong>la solvabilit\u00e9<\/strong>, vous donnent acc\u00e8s au <strong>score de r\u00e9silience<\/strong>\u00a0pour vos clients, prospects et fournisseurs.<a class=\"btn\" href=\"mailto:jolien@tbi.be?subject=Une%20question%20via%20le%20site%20web\" target=\"_self\">Contact Steffi<\/a><\/p>\n<h1 class=\"h3look\">Gestion du risque &amp; compliance<\/h1>\n<h2 class=\"h5look\">Comment pouvons-nous vous aider ?<\/h2>\n<p>&nbsp;<\/p>\n<p>Vous voulez prot\u00e9ger votre entreprise des <strong>risques financiers<\/strong> ? Nos diff\u00e9rentes solutions vous aident \u00e0 \u00e9valuer <strong>la solvabilit\u00e9<\/strong>, vous donnent acc\u00e8s au <strong>score de r\u00e9silience<\/strong>\u00a0pour vos clients, prospects et fournisseurs.<a class=\"btn\" href=\"mailto:jolien@tbi.be?subject=Une%20question%20via%20le%20site%20web\" target=\"_self\">Contact Jolien<\/a>JTNDYSUyMGhyZWYlM0QlMjIlMjN0cmVuZHNQcm8lMjIlM0UlMEElM0NkaXYlMjBjbGFzcyUzRCUyMmJsb2NrLWJ1dHRvbiUyMiUzRSUwQSUzQ2gzJTIwY2xhc3MlM0QlMjJ0ZXh0LXJlZCUyMiUzRUluZm9ybWF0aW9ucyUyMGRlJTIwY3IlQzMlQTlkaXQlM0MlMkZoMyUzRSUwQSUzQ3AlM0UlMEFEJUMzJUE5Y291dnJleiUyMGxlcyUyMGRpZmYlQzMlQTlyZW50ZXMlMjByZWxhdGlvbnMlMjBlbnRyZSUyMGxlcyUyMGVudHJlcHJpc2VzJTIwZXQlMjBsZXMlMjBhZG1pbmlzdHJhdGV1cnMuJTIwVm91cyUyMHNhdmV6JTIwYXZlYyUyMHF1aSUyMHZvdXMlMjBwb3V2ZXolMjBub3VlciUyMGRlcyUyMHJlbGF0aW9ucyUyMGQlRTIlODAlOTlhZmZhaXJlcyUyQyUyMGVuJTIwdG91dGUlMjBzJUMzJUE5Y3VyaXQlQzMlQTkuJTIwJTBBJTNDJTJGcCUzRSUwQSUzQ2JyJTNFJTNDYnIlM0UlMEElM0MlMkZkaXYlM0UlMEElM0MlMkZhJTNFJTNDYSUyMGhyZWYlM0QlMjIlMjN3ZWVyYmFhcmhlaWQlMjIlM0UlMEElM0NkaXYlMjBjbGFzcyUzRCUyMmJsb2NrLWJ1dHRvbiUyMiUzRSUwQSUzQ2gzJTIwY2xhc3MlM0QlMjJ0ZXh0LXJlZCUyMiUzRUNvbXBsaWFuY2UlMjAlMjYlMjBGcmF1ZGUlM0MlMkZoMyUzRSUwQSUzQ3AlM0UlMEFQcm90JUMzJUE5Z2V6JTIwdm90cmUlMjBlbnRyZXByaXNlJTIwY29udHJlJTIwbGVzJTIwZnJhdWRldXJzJTIwcG90ZW50aWVscyUyMGVuJTIwZCVDMyVBOWNvdXZyYW50JTIwYXZlYyUyMHF1aSUyMHZvdXMlMjBmYWl0ZXMlMjByJUMzJUE5ZWxsZW1lbnQlMjBhZmZhaXJlLiUwQSUwQSUzQyUyRnAlM0UlMEElM0MlMkZkaXYlM0UlMEElM0MlMkZhJTNFJTNDYSUyMGhyZWYlM0QlMjIlMjNmYWlsbGlzc2VtZW50JTIyJTNFJTBBJTNDZGl2JTIwY2xhc3MlM0QlMjJibG9jay1idXR0b24lMjIlM0UlMEElM0NoMyUyMGNsYXNzJTNEJTIydGV4dC1yZWQlMjIlM0VGYWlsbGl0ZXMlM0MlMkZoMyUzRSUwQSUzQ3AlM0UlMEFMYSUyMHJlY2hlcmNoZSUyMGRlcyUyMGVudHJlcHJpc2VzJTIwZW4lMjBmYWlsbGl0ZSUyMHBldXQlMjBzZSUyMHIlQzMlQTl2JUMzJUE5bGVyJTIwZmFzdGlkaWV1c2UlMjBkYW5zJTIwbGUlMjBNb25pdGV1ciUyMEJlbGdlLiUyME5vdXMlMjBsZSUyMGZhaXNvbnMlMjBwb3VyJTIwdm91cy4lMjBOb3VzJTIwY29tcGlsb25zJTIwbGVzJTIwZmFpbGxpdGVzJTIwZXQlMjB2b3VzJTIwbGVzJTIwcmVjZXZleiUyMGRlJTIwbWFuaSVDMyVBOHJlJTIwc3RydWN0dXIlQzMlQTllJTJDJTIwYXUlMjBqb3VyJTIwbGUlMjBqb3VyLiUwQSUzQyUyRnAlM0UlMEElM0MlMkZkaXYlM0UlMEElM0MlMkZhJTNFJTNDYSUyMGhyZWYlM0QlMjIlMjN3ZWJzZXJ2aWNlcyUyMiUzRSUwQSUzQ2RpdiUyMGNsYXNzJTNEJTIyYmxvY2stYnV0dG9uJTIyJTNFJTBBJTNDaDMlMjBjbGFzcyUzRCUyMnRleHQtcmVkJTIyJTNFSW50JUMzJUE5Z3JhdGlvbiUyMGRlcyUyMGRvbm4lQzMlQTllcyUzQyUyRmgzJTNFJTBBJTNDcCUzRSUwQU5vdHJlJTIwJUMzJUE5cXVpcGUlMjBpbmZvcm1hdGlxdWUlMjB2b3VzJTIwYWNjb21wYWduZSUyMGRhbnMlMjBsJTI3aW50JUMzJUE5Z3JhdGlvbiUyMGRlcyUyMGRvbm4lQzMlQTllcyUyMHNvdWhhaXQlQzMlQTllcyUyMGRhbnMlMjB2b3RyZSUyMHN5c3QlQzMlQThtZSUyMENSTSUyMG91JTIwY29tcHRhYmxlLiUzQyUyRnAlM0UlMEElM0NiciUzRSUwQSUzQyUyRmRpdiUzRSUwQSUzQyUyRmElM0U=<\/p>\n<h3>Informations de cr\u00e9dit<\/h3>\n<p>&nbsp;<\/p>\n<p>Obtenez un aper\u00e7u de toutes les <strong>entreprises actives<\/strong> et <strong>inactives<\/strong> en Belgique mais aussi au-del\u00e0 des fronti\u00e8res. Trends Pro vous informe sur les relations entre les entreprises et les administrateurs. De cette fa\u00e7on, vous savez avec qui vous pouvez \u00e9tablir des <strong>relations commerciales fiables<\/strong>. <strong>\u00c9vitez les risques financiers<\/strong> gr\u00e2ce \u00e0 une analyse approfondie de leur solvabilit\u00e9, de leurs exp\u00e9riences de paiement et des incidents juridiques. Nous vous informons chaque jour de mani\u00e8re organis\u00e9e de l&rsquo;\u00e9volution des entreprises en Belgique.<a class=\"btn btn--white\" href=\"\/fr\/pro-rates\/\" target=\"_self\">Achetez votre login ou demandez un acc\u00e8s en test<\/a><\/p>\n<h3>Compliance &amp; Fraude<\/h3>\n<p>&nbsp;<\/p>\n<p>En tant qu&rsquo;entrepreneur, vous pouvez \u00eatre poursuivi si vous faites affaire avec une personne impliqu\u00e9e dans le blanchiment d&rsquo;argent ou le financement du terrorisme. Pour s&rsquo;en prot\u00e9ger, il est donc important de faire un contr\u00f4le approfondi de ses relations d&rsquo;affaires avant de s&rsquo;engager dans une relation contractuelle avec elles.<a class=\"btn btn--white\" href=\"\/fr\/pro-rates\/\" target=\"_self\">Achetez votre login ou demandez un acc\u00e8s en test<\/a><\/p>\n<h3>Compliance &amp; Fraude<\/h3>\n<p>&nbsp;<\/p>\n<p>En tant qu&rsquo;entrepreneur, vous pouvez \u00eatre poursuivi si vous faites affaire avec une personne impliqu\u00e9e dans le blanchiment d&rsquo;argent ou le financement du terrorisme. Pour s&rsquo;en prot\u00e9ger, il est donc important de faire un contr\u00f4le approfondi de ses relations d&rsquo;affaires avant de s&rsquo;engager dans une relation contractuelle avec elles.<a class=\"btn btn--white\" href=\"\/fr\/pro-rates\/\" target=\"_self\">Achetez votre login ou demandez un acc\u00e8s en test<\/a><\/p>\n<h3>Faillites<\/h3>\n<p>&nbsp;<\/p>\n<p>Trends Business Information peut vous livrer quotidiennement quelles sont les entreprises qui vivent mal cette p\u00e9riode pour le moins tourment\u00e9e. Nous int\u00e9grons au jour le jour les faillites du Moniteur Belge et compl\u00e9tons l&rsquo;information en contactant les Tribunaux de Commerce.<a class=\"btn btn--white\" href=\"https:\/\/trends-business-information.be\/contact?subject=Je%20veux%20une%20liste%20des%20faillites#form\" target=\"_self\">Contactez-nous<\/a><\/p>\n<h3>Int\u00e9gration des donn\u00e9es<\/h3>\n<p>&nbsp;<\/p>\n<p>Automatisez le flux d&rsquo;informations commerciales dans votre syst\u00e8me d&rsquo;entreprise. Le traitement efficace des <strong>informations commerciales<\/strong> n\u00e9cessite de plus en plus <strong>des int\u00e9grations<\/strong> de donn\u00e9es dans votre propre syst\u00e8me. En fonction de vos besoins, nous pouvons vous fournir <strong>des rapports standards<\/strong> ou sur-mesure de clients, partenaires, fournisseurs, etc.<a class=\"btn btn--white\" href=\"https:\/\/trends-business-information.be\/fr\/maintenir-votre-crm-a-jour-quelles-sont-les-etapes-indispensable\" target=\"_self\">En savoir plus<\/a><\/p>\n<h3>Int\u00e9grations des donn\u00e9es<\/h3>\n<p>&nbsp;<\/p>\n<p>Automatisez le flux d&rsquo;informations commerciales dans votre syst\u00e8me d&rsquo;entreprise. Le traitement efficace des <strong>informations commerciales<\/strong> n\u00e9cessite de plus en plus <strong>des int\u00e9grations<\/strong> de donn\u00e9es dans votre propre syst\u00e8me. En fonction de vos besoins, nous pouvons vous fournir <strong>des rapports standards<\/strong> ou sur-mesure de clients, partenaires, fournisseurs, etc.<a class=\"btn btn--white\" href=\"https:\/\/trends-business-information.be\/fr\/maintenir-votre-crm-a-jour-quelles-sont-les-etapes-indispensable\" target=\"_self\">En savoir plus<\/a><\/p>\n<h3 style=\"text-align: center;\">D\u00e9couvrez nos autres solutions<\/h3>\n<p><a class=\"btn btn--white\" href=\"\/fr\/marketingtools\/\" target=\"_self\">Sales &amp; marketing<\/a><a class=\"btn btn--white\" href=\"\/fr\/publicitaires-evenements\/\" target=\"_self\">Publicit\u00e9s &amp; ev\u00e9nements<\/a><\/p>\n<h3 class=\"text-red\" style=\"text-align: center;\">Vous avez des questions ?<\/h3>\n<hr style=\"border-top-width:2px;border-top-style:solid;border-color:#e10d1a;\" \/>\n<h3 style=\"text-align: center;\">L&rsquo;\u00e9quipe Trends Business Information se fera un plaisir de r\u00e9pondre \u00e0 vos questions.<\/h3>\n<p>&nbsp;<\/p>\n<p style=\"text-align: center;\">Vous n&rsquo;avez pas trouv\u00e9 ce que vous recherchez ? Notre \u00e9quipe de collaborateurs met tout en \u0153uvre pour vous aider le plus efficacement possible.<\/p>\n<script>\nvar gform;gform||(document.addEventListener(\"gform_main_scripts_loaded\",function(){gform.scriptsLoaded=!0}),document.addEventListener(\"gform\/theme\/scripts_loaded\",function(){gform.themeScriptsLoaded=!0}),window.addEventListener(\"DOMContentLoaded\",function(){gform.domLoaded=!0}),gform={domLoaded:!1,scriptsLoaded:!1,themeScriptsLoaded:!1,isFormEditor:()=>\"function\"==typeof InitializeEditor,callIfLoaded:function(o){return!(!gform.domLoaded||!gform.scriptsLoaded||!gform.themeScriptsLoaded&&!gform.isFormEditor()||(gform.isFormEditor()&&console.warn(\"The use of gform.initializeOnLoaded() is deprecated in the form editor context and will be removed in Gravity Forms 3.1.\"),o(),0))},initializeOnLoaded:function(o){gform.callIfLoaded(o)||(document.addEventListener(\"gform_main_scripts_loaded\",()=>{gform.scriptsLoaded=!0,gform.callIfLoaded(o)}),document.addEventListener(\"gform\/theme\/scripts_loaded\",()=>{gform.themeScriptsLoaded=!0,gform.callIfLoaded(o)}),window.addEventListener(\"DOMContentLoaded\",()=>{gform.domLoaded=!0,gform.callIfLoaded(o)}))},hooks:{action:{},filter:{}},addAction:function(o,r,e,t){gform.addHook(\"action\",o,r,e,t)},addFilter:function(o,r,e,t){gform.addHook(\"filter\",o,r,e,t)},doAction:function(o){gform.doHook(\"action\",o,arguments)},applyFilters:function(o){return gform.doHook(\"filter\",o,arguments)},removeAction:function(o,r){gform.removeHook(\"action\",o,r)},removeFilter:function(o,r,e){gform.removeHook(\"filter\",o,r,e)},addHook:function(o,r,e,t,n){null==gform.hooks[o][r]&&(gform.hooks[o][r]=[]);var d=gform.hooks[o][r];null==n&&(n=r+\"_\"+d.length),gform.hooks[o][r].push({tag:n,callable:e,priority:t=null==t?10:t})},doHook:function(r,o,e){var t;if(e=Array.prototype.slice.call(e,1),null!=gform.hooks[r][o]&&((o=gform.hooks[r][o]).sort(function(o,r){return o.priority-r.priority}),o.forEach(function(o){\"function\"!=typeof(t=o.callable)&&(t=window[t]),\"action\"==r?t.apply(null,e):e[0]=t.apply(null,e)})),\"filter\"==r)return e[0]},removeHook:function(o,r,t,n){var e;null!=gform.hooks[o][r]&&(e=(e=gform.hooks[o][r]).filter(function(o,r,e){return!!(null!=n&&n!=o.tag||null!=t&&t!=o.priority)}),gform.hooks[o][r]=e)}});\n<\/script>\n\n                <div class='gf_browser_gecko gform_wrapper gravity-theme gform-theme--no-framework' data-form-theme='gravity-theme' data-form-index='0' id='gform_wrapper_1' ><div id='gf_1' class='gform_anchor' tabindex='-1'><\/div>\n                        <div class='gform_heading'>\n\t\t\t\t\t\t\t<p class='gform_required_legend'>\u00ab\u00a0<span class=\"gfield_required gfield_required_asterisk\">*<\/span>\u00a0\u00bb indique les champs n\u00e9cessaires<\/p>\n                        <\/div><form method='post' enctype='multipart\/form-data' target='gform_ajax_frame_1' id='gform_1'  action='\/fr\/wp-json\/wp\/v2\/pages\/7596#gf_1' data-formid='1' novalidate><div class='gf_invisible ginput_recaptchav3'  data-tabindex='0'><input id=\"input_9e4ac593f2b5cde8e633ad1c4ff5c880\" class=\"gfield_recaptcha_response\" type=\"hidden\" name=\"input_9e4ac593f2b5cde8e633ad1c4ff5c880\" value=\"\"\/><\/div>\n                        <div class='gform-body gform_body'><div id='gform_fields_1' class='gform_fields top_label form_sublabel_below description_below validation_below'><div id=\"field_1_8\" class=\"gfield gfield--type-honeypot gform_validation_container field_sublabel_below gfield--has-description field_description_below field_validation_below gfield_visibility_visible\"  ><label class='gfield_label gform-field-label' for='input_1_8'>Comments<\/label><div class='ginput_container'><input name='input_8' id='input_1_8' type='text' value='' autocomplete='new-password'\/><\/div><div class='gfield_description' id='gfield_description_1_8'>Ce champ n\u2019est utilis\u00e9 qu\u2019\u00e0 des fins de validation et devrait rester inchang\u00e9.<\/div><\/div><div id=\"field_1_7\" class=\"gfield gfield--type-text gfield--input-type-text field_sublabel_below gfield--no-description field_description_below hidden_label field_validation_below gfield_visibility_visible\"  ><label class='gfield_label gform-field-label screen-reader-text' for='input_1_7'>sujet<\/label><div class='ginput_container ginput_container_text'><input name='input_7' id='input_1_7' type='text' value='' class='large'    placeholder='sujet'  aria-invalid=\"false\"   \/><\/div><\/div><div id=\"field_1_2\" class=\"gfield gfield--type-text gfield--input-type-text gfield--width-half gfield_contains_required field_sublabel_below gfield--no-description field_description_below hidden_label field_validation_below gfield_visibility_visible\"  ><label class='gfield_label gform-field-label screen-reader-text' for='input_1_2'>nom<span class=\"gfield_required\"><span class=\"gfield_required gfield_required_asterisk\">*<\/span><\/span><\/label><div class='ginput_container ginput_container_text'><input name='input_2' id='input_1_2' type='text' value='' class='large'    placeholder='nom' aria-required=\"true\" aria-invalid=\"false\"   \/><\/div><\/div><div id=\"field_1_3\" class=\"gfield gfield--type-email gfield--input-type-email gfield--width-half gfield_contains_required field_sublabel_below gfield--no-description field_description_below hidden_label field_validation_below gfield_visibility_visible\"  ><label class='gfield_label gform-field-label screen-reader-text' for='input_1_3'>adresse e-mail<span class=\"gfield_required\"><span class=\"gfield_required gfield_required_asterisk\">*<\/span><\/span><\/label><div class='ginput_container ginput_container_email'>\n                            <input name='input_3' id='input_1_3' type='email' value='' class='large'   placeholder='adresse e-mail' aria-required=\"true\" aria-invalid=\"false\"  \/>\n                        <\/div><\/div><div id=\"field_1_6\" class=\"gfield gfield--type-phone gfield--input-type-phone field_sublabel_below gfield--no-description field_description_below hidden_label field_validation_below gfield_visibility_visible\"  ><label class='gfield_label gform-field-label screen-reader-text' for='input_1_6'>num\u00e9ro de t\u00e9l\u00e9phone<\/label><div class='ginput_container ginput_container_phone'><input name='input_6' id='input_1_6' type='tel' value='' class='medium'  placeholder='num\u00e9ro de t\u00e9l\u00e9phone'  aria-invalid=\"false\"   \/><\/div><\/div><div id=\"field_1_4\" class=\"gfield gfield--type-textarea gfield--input-type-textarea gfield_contains_required field_sublabel_below gfield--no-description field_description_below hidden_label field_validation_below gfield_visibility_visible\"  ><label class='gfield_label gform-field-label screen-reader-text' for='input_1_4'>votre Message<span class=\"gfield_required\"><span class=\"gfield_required gfield_required_asterisk\">*<\/span><\/span><\/label><div class='ginput_container ginput_container_textarea'><textarea name='input_4' id='input_1_4' class='textarea medium'    placeholder='votre Message' aria-required=\"true\" aria-invalid=\"false\"   rows='10' cols='50'><\/textarea><\/div><\/div><\/div><\/div>\n        <div class='gform-footer gform_footer top_label'> <input type='submit' id='gform_submit_button_1' class='gform_button button' onclick='gform.submission.handleButtonClick(this);' data-submission-type='submit' value='Envoyer'  \/> <input type='hidden' name='gform_ajax' value='form_id=1&amp;title=&amp;description=&amp;tabindex=0&amp;theme=gravity-theme&amp;styles=[]&amp;hash=ff99796d2c6e308bc2c0574d2936e139' \/>\n            <input type='hidden' class='gform_hidden' name='gform_submission_method' data-js='gform_submission_method_1' value='iframe' \/>\n            <input type='hidden' class='gform_hidden' name='gform_theme' data-js='gform_theme_1' id='gform_theme_1' value='gravity-theme' \/>\n            <input type='hidden' class='gform_hidden' name='gform_style_settings' data-js='gform_style_settings_1' id='gform_style_settings_1' value='[]' \/>\n            <input type='hidden' class='gform_hidden' name='is_submit_1' value='1' \/>\n            <input type='hidden' class='gform_hidden' name='gform_submit' value='1' \/>\n            \n            <input type='hidden' class='gform_hidden' name='gform_currency' data-currency='EUR' value='bRiu1rMfQPMgb7IAXAcS5CEy4f9A0jyM3vwo6L\/L2TBDbHP7\/Ym7e9ICLr6D7TM7D4+NxjuNUvLu5EiIBX79\/rVGmmK7PPlLKf8hqcIBR1fiM+Q=' \/>\n            <input type='hidden' class='gform_hidden' name='gform_unique_id' value='' \/>\n            <input type='hidden' class='gform_hidden' name='state_1' value='WyJbXSIsIjA3ZTc1MWJhMjg0ZjU2M2RjMDMzZTY1ODQwNjJjOGM1Il0=' \/>\n            <input type='hidden' autocomplete='off' class='gform_hidden' name='gform_target_page_number_1' id='gform_target_page_number_1' value='0' \/>\n            <input type='hidden' autocomplete='off' class='gform_hidden' name='gform_source_page_number_1' id='gform_source_page_number_1' value='1' \/>\n            <input type='hidden' name='gform_field_values' value='' \/>\n            \n        <\/div>\n                        <\/form>\n                        <\/div>\n\t\t                <iframe style='display:none;width:0px;height:0px;' src='about:blank' name='gform_ajax_frame_1' id='gform_ajax_frame_1' title='Cette iframe contient la logique n\u00e9cessaire pour manipuler Gravity Forms avec Ajax.'><\/iframe>\n\t\t                <script>\ngform.initializeOnLoaded( function() {gformInitSpinner( 1, 'https:\/\/trends-business-information.be\/wp-content\/plugins\/gravityforms\/images\/spinner.svg', true );jQuery('#gform_ajax_frame_1').on('load',function(){var contents = jQuery(this).contents().find('*').html();var is_postback = contents.indexOf('GF_AJAX_POSTBACK') >= 0;if(!is_postback){return;}var form_content = jQuery(this).contents().find('#gform_wrapper_1');var is_confirmation = jQuery(this).contents().find('#gform_confirmation_wrapper_1').length > 0;var is_redirect = contents.indexOf('gformRedirect(){') >= 0;var is_form = form_content.length > 0 && ! is_redirect && ! is_confirmation;var mt = parseInt(jQuery('html').css('margin-top'), 10) + parseInt(jQuery('body').css('margin-top'), 10) + 100;if(is_form){jQuery('#gform_wrapper_1').html(form_content.html());if(form_content.hasClass('gform_validation_error')){jQuery('#gform_wrapper_1').addClass('gform_validation_error');} else {jQuery('#gform_wrapper_1').removeClass('gform_validation_error');}setTimeout( function() { \/* delay the scroll by 50 milliseconds to fix a bug in chrome *\/ jQuery(document).scrollTop(jQuery('#gform_wrapper_1').offset().top - mt); }, 50 );if(window['gformInitDatepicker']) {gformInitDatepicker();}if(window['gformInitPriceFields']) {gformInitPriceFields();}var current_page = jQuery('#gform_source_page_number_1').val();gformInitSpinner( 1, 'https:\/\/trends-business-information.be\/wp-content\/plugins\/gravityforms\/images\/spinner.svg', true );jQuery(document).trigger('gform_page_loaded', [1, current_page]);window['gf_submitting_1'] = false;}else if(!is_redirect){var confirmation_content = jQuery(this).contents().find('.GF_AJAX_POSTBACK').html();if(!confirmation_content){confirmation_content = contents;}jQuery('#gform_wrapper_1').replaceWith(confirmation_content);jQuery(document).scrollTop(jQuery('#gf_1').offset().top - mt);jQuery(document).trigger('gform_confirmation_loaded', [1]);window['gf_submitting_1'] = false;wp.a11y.speak(jQuery('#gform_confirmation_message_1').text());}else{jQuery('#gform_1').append(contents);if(window['gformRedirect']) {gformRedirect();}}jQuery(document).trigger(\"gform_pre_post_render\", [{ formId: \"1\", currentPage: \"current_page\", abort: function() { this.preventDefault(); } }]);        if (event && event.defaultPrevented) {                return;        }        const gformWrapperDiv = document.getElementById( \"gform_wrapper_1\" );        if ( gformWrapperDiv ) {            const visibilitySpan = document.createElement( \"span\" );            visibilitySpan.id = \"gform_visibility_test_1\";            gformWrapperDiv.insertAdjacentElement( \"afterend\", visibilitySpan );        }        const visibilityTestDiv = document.getElementById( \"gform_visibility_test_1\" );        let postRenderFired = false;        function triggerPostRender() {            if ( postRenderFired ) {                return;            }            postRenderFired = true;            gform.core.triggerPostRenderEvents( 1, current_page );            if ( visibilityTestDiv ) {                visibilityTestDiv.parentNode.removeChild( visibilityTestDiv );            }        }        function debounce( func, wait, immediate ) {            var timeout;            return function() {                var context = this, args = arguments;                var later = function() {                    timeout = null;                    if ( !immediate ) func.apply( context, args );                };                var callNow = immediate && !timeout;                clearTimeout( timeout );                timeout = setTimeout( later, wait );                if ( callNow ) func.apply( context, args );            };        }        const debouncedTriggerPostRender = debounce( function() {            triggerPostRender();        }, 200 );        if ( visibilityTestDiv && visibilityTestDiv.offsetParent === null ) {            const observer = new MutationObserver( ( mutations ) => {                mutations.forEach( ( mutation ) => {                    if ( mutation.type === 'attributes' && visibilityTestDiv.offsetParent !== null ) {                        debouncedTriggerPostRender();                        observer.disconnect();                    }                });            });            observer.observe( document.body, {                attributes: true,                childList: false,                subtree: true,                attributeFilter: [ 'style', 'class' ],            });        } else {            triggerPostRender();        }    } );} );\n<\/script>\n\n","protected":false},"excerpt":{"rendered":"<p>Gestion du risque &amp; compliance Comment pouvons-nous vous aider ? &nbsp; Vous voulez prot\u00e9ger votre entreprise des risques financiers ? Nos diff\u00e9rentes solutions vous aident \u00e0 \u00e9valuer la solvabilit\u00e9, vous donnent acc\u00e8s au score de r\u00e9silience\u00a0pour vos clients, prospects et fournisseurs.Contact Steffi Gestion du risque &amp; compliance Comment pouvons-nous vous aider ? &nbsp; Vous voulez [&hellip;]<\/p>\n","protected":false},"author":12,"featured_media":19479,"parent":0,"menu_order":0,"comment_status":"closed","ping_status":"closed","template":"","meta":{"_acf_changed":false,"footnotes":""},"categories":[],"tags":[76,69],"class_list":["post-7596","page","type-page","status-publish","has-post-thumbnail","hentry","tag-outils-fr","tag-tips"],"acf":[],"_links":{"self":[{"href":"https:\/\/trends-business-information.be\/fr\/wp-json\/wp\/v2\/pages\/7596","targetHints":{"allow":["GET"]}}],"collection":[{"href":"https:\/\/trends-business-information.be\/fr\/wp-json\/wp\/v2\/pages"}],"about":[{"href":"https:\/\/trends-business-information.be\/fr\/wp-json\/wp\/v2\/types\/page"}],"author":[{"embeddable":true,"href":"https:\/\/trends-business-information.be\/fr\/wp-json\/wp\/v2\/users\/12"}],"replies":[{"embeddable":true,"href":"https:\/\/trends-business-information.be\/fr\/wp-json\/wp\/v2\/comments?post=7596"}],"version-history":[{"count":0,"href":"https:\/\/trends-business-information.be\/fr\/wp-json\/wp\/v2\/pages\/7596\/revisions"}],"wp:featuredmedia":[{"embeddable":true,"href":"https:\/\/trends-business-information.be\/fr\/wp-json\/wp\/v2\/media\/19479"}],"wp:attachment":[{"href":"https:\/\/trends-business-information.be\/fr\/wp-json\/wp\/v2\/media?parent=7596"}],"wp:term":[{"taxonomy":"category","embeddable":true,"href":"https:\/\/trends-business-information.be\/fr\/wp-json\/wp\/v2\/categories?post=7596"},{"taxonomy":"post_tag","embeddable":true,"href":"https:\/\/trends-business-information.be\/fr\/wp-json\/wp\/v2\/tags?post=7596"}],"curies":[{"name":"wp","href":"https:\/\/api.w.org\/{rel}","templated":true}]}}