{"id":7653,"date":"2020-09-28T14:28:07","date_gmt":"2020-09-28T12:28:07","guid":{"rendered":"https:\/\/trends-business-information.be\/gdpr\/"},"modified":"2025-10-17T14:47:27","modified_gmt":"2025-10-17T12:47:27","slug":"gdpr","status":"publish","type":"page","link":"https:\/\/trends-business-information.be\/fr\/gdpr","title":{"rendered":"GDPR"},"content":{"rendered":"<h3>Qu&rsquo;est-ce que le RGPD ?<\/h3>\n<h5>RGPD<\/h5>\n<p>&nbsp;<\/p>\n<p>Le nouveau r\u00e8glement g\u00e9n\u00e9ral sur la protection des donn\u00e9es (RGPD) ou General Data Protection Regulation (GDPR) qui est entr\u00e9 en vigueur le 25 mai 2018 fait r\u00e9f\u00e9rence au r\u00e8glement (UE) 2016\/679 du Parlement europ\u00e9en et du Conseil du 27 avril 2016 relatif \u00e0 la protection des personnes physiques \u00e0 l&rsquo;\u00e9gard du traitement des donn\u00e9es \u00e0 caract\u00e8re personnel et \u00e0 la libre circulation de ces donn\u00e9es. Maintenant que la nouvelle l\u00e9gislation sur la protection de la vie priv\u00e9e est applicable, il n&rsquo;y a plus qu&rsquo;une seule loi sur la protection de la vie priv\u00e9e au sein de l&rsquo;Union europ\u00e9enne, au lieu de 28 lois nationales diff\u00e9rentes.<\/p>\n<h3><strong>Trends Business Information et RGPD<\/strong><\/h3>\n<p>Trends Business Information est active sur le march\u00e9 des informations commerciales B2B. Gr\u00e2ce \u00e0 ces informations commerciales, nous proposons des solutions qui constituent un \u00e9l\u00e9ment essentiel des processus commerciaux B2B.<\/p>\n<p>Lors de la collecte, du traitement, de la syst\u00e9matisation, de l&rsquo;analyse et de l&rsquo;interpr\u00e9tation des donn\u00e9es d&rsquo;entreprise, nous appliquons une d\u00e9ontologie stricte, ax\u00e9e sur la fourniture de donn\u00e9es de haute qualit\u00e9, exactes, actuelles et compl\u00e8tes. De plus, chaque action est \u00e9valu\u00e9e au regard de la r\u00e9glementation relative \u00e0 la collecte et au traitement des donn\u00e9es.<\/p>\n<p>Nous veillons ainsi \u00e0 ce que nos pratiques soient conformes \u00e0 la norme g\u00e9n\u00e9rale de diligence au sens des articles 1382-1383 du Code civil. Il en va de m\u00eame pour la l\u00e9gislation actuelle en mati\u00e8re de protection de la vie priv\u00e9e (directive 95\/46\/CE sur la protection des donn\u00e9es, applicable depuis 1995) et au nouveau r\u00e8glement g\u00e9n\u00e9ral sur la protection des donn\u00e9es (RGPD) ou General Data Protection Regulation (GDPR) qui est entr\u00e9 en vigueur le 25 mai 2018 (r\u00e8glement (UE) 2016\/679 du 27 avril 2016).<\/p>\n<p><a href=\"\/wp-content\/uploads\/2020\/10\/GDPR_TBI_mei2018_NL.pdf\">En savoir plus<\/a><\/p>\n<p>&nbsp;<\/p>\n<h3>Notre position<\/h3>\n<p>Les donn\u00e9es publi\u00e9es sur les sites web www.trends-business-information.be, www.trendstop.be et www.trendspro.be sont accessibles via diff\u00e9rentes formules de connexion (payantes). Elles sont collect\u00e9es d&rsquo;une part \u00e0 partir de sources officielles pour lesquelles nous disposons des licences et accords n\u00e9cessaires avec les \u00e9diteurs en ce qui concerne la r\u00e9utilisation commerciale de ces donn\u00e9es et, d&rsquo;autre part, \u00e0 partir de nos propres enrichissements gr\u00e2ce \u00e0 des contacts (par t\u00e9l\u00e9phone, e-mail et courrier) avec les entreprises elles-m\u00eames.<\/p>\n<p>Il s&rsquo;agit exclusivement de donn\u00e9es li\u00e9es \u00e0 l&rsquo;exercice d&rsquo;une activit\u00e9 professionnelle (donn\u00e9es dites B2B). Comme mentionn\u00e9 pr\u00e9c\u00e9demment, le traitement de ces donn\u00e9es, y compris les donn\u00e9es \u00e0 caract\u00e8re personnel des dirigeants d&rsquo;entreprises et des entreprises\/soci\u00e9t\u00e9s unipersonnelles, est essentiel pour donner une image compl\u00e8te et actualis\u00e9e d&rsquo;une entreprise et de l&rsquo;ensemble des entreprises belges.<\/p>\n<p>En tant que bureau d&rsquo;information commerciale, le \u00ab int\u00e9r\u00eat l\u00e9gitime \u00bb constitue la base du traitement. En ce qui concerne le traitement, l&rsquo;enregistrement et l&rsquo;utilisation de fonctions \u00ab non officielles \u00bb et d&rsquo;adresses \u00e9lectroniques personnelles de mandataires officiels (administrateurs, g\u00e9rants, associ\u00e9s, personnes physiques) et\/ou de fonctions de direction op\u00e9rationnelle, nous confirmons que les personnes concern\u00e9es en sont inform\u00e9es.<\/p>\n<p>Conform\u00e9ment \u00e0 la l\u00e9gislation sur la protection de la vie priv\u00e9e, la \u00ab personne concern\u00e9e \u00bb est inform\u00e9e de la finalit\u00e9 de son enregistrement et de ses droits. L&rsquo;utilisation de ces adresses \u00e9lectroniques personnelles \u00e0 des fins de communication est<\/p>\n<p>&nbsp;<\/p>\n<p>Conform\u00e9ment \u00e0 la l\u00e9gislation sur la protection de la vie priv\u00e9e, la \u00ab personne concern\u00e9e \u00bb est inform\u00e9e de la finalit\u00e9 de son enregistrement et de ses droits. L&rsquo;utilisation de ces adresses e-mail personnelles \u00e0 des fins de communication est r\u00e9gie par la loi du 13 juin 2005 relative aux communications \u00e9lectroniques (et non par le nouveau RGPD). Il s&rsquo;agit donc des canaux qui utilisent les communications \u00e9lectroniques (e-mails, cookies, t\u00e9l\u00e9marketing, etc.). Depuis janvier 2017, la Commission europ\u00e9enne (CE) travaille \u00e9galement sur un projet de loi pour un nouveau r\u00e8glement ePrivacy qui remplacera l&rsquo;actuelle directive 2002\/58\/CE (relative \u00e0 la vie priv\u00e9e et aux communications \u00e9lectroniques).<\/p>\n<p>&nbsp;<\/p>\n<p>Si les adresses e-mail personnelles sont utilis\u00e9es \u00e0 des fins de marketing par e-mail, une r\u00e8gle d&rsquo;opt-in s&rsquo;applique, c&rsquo;est-\u00e0-dire que le destinataire doit avoir donn\u00e9 son consentement pr\u00e9alable \u00e0 l&rsquo;exp\u00e9diteur. Le nouveau r\u00e8glement ePrivacy n&rsquo;y changera rien et le RGPD ne s&rsquo;applique pas \u00e0 cette question. Il est toutefois tout \u00e0 fait autoris\u00e9 de mener une campagne par e-mail aupr\u00e8s de votre propre client\u00e8le (le \u00ab int\u00e9r\u00eat l\u00e9gitime \u00bb en est la base juridique). Cela vaut \u00e9galement pour une campagne destin\u00e9e \u00e0 des personnes morales (adresses e-mail g\u00e9n\u00e9riques ou g\u00e9n\u00e9rales), \u00e0 condition qu&rsquo;une option de d\u00e9sabonnement soit pr\u00e9vue.<\/p>\n<h3>Roularta et le RGPD<\/h3>\n<p>Dans le cadre du r\u00e8glement g\u00e9n\u00e9ral sur la protection des donn\u00e9es, Roularta Media Group a nomm\u00e9 un d\u00e9l\u00e9gu\u00e9 \u00e0 la protection des donn\u00e9es charg\u00e9 de r\u00e9pertorier toutes les proc\u00e9dures de l&rsquo;entreprise et de les adapter si n\u00e9cessaire afin de garantir le respect de la r\u00e9glementation.<\/p>\n<p>&nbsp;<\/p>\n<p><a href=\"https:\/\/www.roularta.be\/nl\/privacy-policy\">En savoir plus<\/a><\/p>\n<h3 class=\"text-red\" style=\"text-align: center;\">Posez votre question<\/h3>\n<hr style=\"border-top-width: 2px; border-top-style: solid; border-color: #e10d1a;\" \/>\n<h3 style=\"text-align: center;\">L&rsquo;\u00e9quipe de Trends Business Information est \u00e0 votre disposition pour vous aider.<\/h3>\n<p>&nbsp;<\/p>\n<p style=\"text-align: center;\">Vous avez une question ou vous n&rsquo;avez pas trouv\u00e9 ce que vous cherchiez ? Pas de probl\u00e8me, nous avons derri\u00e8re les coulisses une \u00e9quipe de collaborateurs motiv\u00e9s qui feront tout leur possible pour vous aider au mieux.<\/p>\n<script>\nvar gform;gform||(document.addEventListener(\"gform_main_scripts_loaded\",function(){gform.scriptsLoaded=!0}),document.addEventListener(\"gform\/theme\/scripts_loaded\",function(){gform.themeScriptsLoaded=!0}),window.addEventListener(\"DOMContentLoaded\",function(){gform.domLoaded=!0}),gform={domLoaded:!1,scriptsLoaded:!1,themeScriptsLoaded:!1,isFormEditor:()=>\"function\"==typeof InitializeEditor,callIfLoaded:function(o){return!(!gform.domLoaded||!gform.scriptsLoaded||!gform.themeScriptsLoaded&&!gform.isFormEditor()||(gform.isFormEditor()&&console.warn(\"The use of gform.initializeOnLoaded() is deprecated in the form editor context and will be removed in Gravity Forms 3.1.\"),o(),0))},initializeOnLoaded:function(o){gform.callIfLoaded(o)||(document.addEventListener(\"gform_main_scripts_loaded\",()=>{gform.scriptsLoaded=!0,gform.callIfLoaded(o)}),document.addEventListener(\"gform\/theme\/scripts_loaded\",()=>{gform.themeScriptsLoaded=!0,gform.callIfLoaded(o)}),window.addEventListener(\"DOMContentLoaded\",()=>{gform.domLoaded=!0,gform.callIfLoaded(o)}))},hooks:{action:{},filter:{}},addAction:function(o,r,e,t){gform.addHook(\"action\",o,r,e,t)},addFilter:function(o,r,e,t){gform.addHook(\"filter\",o,r,e,t)},doAction:function(o){gform.doHook(\"action\",o,arguments)},applyFilters:function(o){return gform.doHook(\"filter\",o,arguments)},removeAction:function(o,r){gform.removeHook(\"action\",o,r)},removeFilter:function(o,r,e){gform.removeHook(\"filter\",o,r,e)},addHook:function(o,r,e,t,n){null==gform.hooks[o][r]&&(gform.hooks[o][r]=[]);var d=gform.hooks[o][r];null==n&&(n=r+\"_\"+d.length),gform.hooks[o][r].push({tag:n,callable:e,priority:t=null==t?10:t})},doHook:function(r,o,e){var t;if(e=Array.prototype.slice.call(e,1),null!=gform.hooks[r][o]&&((o=gform.hooks[r][o]).sort(function(o,r){return o.priority-r.priority}),o.forEach(function(o){\"function\"!=typeof(t=o.callable)&&(t=window[t]),\"action\"==r?t.apply(null,e):e[0]=t.apply(null,e)})),\"filter\"==r)return e[0]},removeHook:function(o,r,t,n){var e;null!=gform.hooks[o][r]&&(e=(e=gform.hooks[o][r]).filter(function(o,r,e){return!!(null!=n&&n!=o.tag||null!=t&&t!=o.priority)}),gform.hooks[o][r]=e)}});\n<\/script>\n\n                <div class='gf_browser_gecko gform_wrapper gform_legacy_markup_wrapper gform-theme--no-framework' data-form-theme='legacy' data-form-index='0' id='gform_wrapper_4' ><div id='gf_4' class='gform_anchor' tabindex='-1'><\/div><form method='post' enctype='multipart\/form-data' target='gform_ajax_frame_4' id='gform_4'  action='\/fr\/wp-json\/wp\/v2\/pages\/7653#gf_4' data-formid='4' novalidate><div class='gf_invisible ginput_recaptchav3'  data-tabindex='0'><input id=\"input_35be03f21148cf7daf00d9edcddf7231\" class=\"gfield_recaptcha_response\" type=\"hidden\" name=\"input_35be03f21148cf7daf00d9edcddf7231\" value=\"\"\/><\/div>\n                        <div class='gform-body gform_body'><ul id='gform_fields_4' class='gform_fields top_label form_sublabel_below description_below validation_below'><li id=\"field_4_6\" class=\"gfield gfield--type-honeypot gform_validation_container field_sublabel_below gfield--has-description field_description_below field_validation_below gfield_visibility_visible\"  ><label class='gfield_label gform-field-label' for='input_4_6'>Phone<\/label><div class='ginput_container'><input name='input_6' id='input_4_6' type='text' value='' autocomplete='new-password'\/><\/div><div class='gfield_description' id='gfield_description_4_6'>Ce champ n\u2019est utilis\u00e9 qu\u2019\u00e0 des fins de validation et devrait rester inchang\u00e9.<\/div><\/li><li id=\"field_4_2\" class=\"gfield gfield--type-text gf_left_half gfield_contains_required field_sublabel_below gfield--no-description field_description_below hidden_label field_validation_below gfield_visibility_visible\"  ><label class='gfield_label gform-field-label screen-reader-text' for='input_4_2'>nom<span class=\"gfield_required\"><span class=\"gfield_required gfield_required_asterisk\">*<\/span><\/span><\/label><div class='ginput_container ginput_container_text'><input name='input_2' id='input_4_2' type='text' value='' class='medium'    placeholder='nom' aria-required=\"true\" aria-invalid=\"false\"   \/><\/div><\/li><li id=\"field_4_3\" class=\"gfield gfield--type-email gf_right_half gfield_contains_required field_sublabel_below gfield--no-description field_description_below hidden_label field_validation_below gfield_visibility_visible\"  ><label class='gfield_label gform-field-label screen-reader-text' for='input_4_3'>Adresse e-mail<span class=\"gfield_required\"><span class=\"gfield_required gfield_required_asterisk\">*<\/span><\/span><\/label><div class='ginput_container ginput_container_email'>\n                            <input name='input_3' id='input_4_3' type='email' value='' class='medium'   placeholder='Adresse e-mail' aria-required=\"true\" aria-invalid=\"false\"  \/>\n                        <\/div><\/li><li id=\"field_4_4\" class=\"gfield gfield--type-textarea gfield_contains_required field_sublabel_below gfield--no-description field_description_below hidden_label field_validation_below gfield_visibility_visible\"  ><label class='gfield_label gform-field-label screen-reader-text' for='input_4_4'>Votre Message<span class=\"gfield_required\"><span class=\"gfield_required gfield_required_asterisk\">*<\/span><\/span><\/label><div class='ginput_container ginput_container_textarea'><textarea name='input_4' id='input_4_4' class='textarea medium'    placeholder='Votre Message' aria-required=\"true\" aria-invalid=\"false\"   rows='10' cols='50'><\/textarea><\/div><\/li><li id=\"field_4_5\" class=\"gfield gfield--type-captcha field_sublabel_below gfield--no-description field_description_below hidden_label field_validation_below gfield_visibility_visible\"  ><label class='gfield_label gform-field-label' for='input_4_5'>CAPTCHA<\/label><div id='input_4_5' class='ginput_container ginput_recaptcha' data-sitekey='6Le2XWEsAAAAALjNd6goj_Rns2oBxu3RGA_wQ1Ur'  data-theme='light' data-tabindex='-1' data-size='invisible' data-badge='bottomright'><\/div><\/li><\/ul><\/div>\n        <div class='gform-footer gform_footer top_label'> <input type='submit' id='gform_submit_button_4' class='gform_button button' onclick='gform.submission.handleButtonClick(this);' data-submission-type='submit' value='Envoyer'  \/> <input type='hidden' name='gform_ajax' value='form_id=4&amp;title=&amp;description=&amp;tabindex=0&amp;theme=legacy&amp;styles=[]&amp;hash=1b4891057f3412c0c6d3f100d6b792b2' \/>\n            <input type='hidden' class='gform_hidden' name='gform_submission_method' data-js='gform_submission_method_4' value='iframe' \/>\n            <input type='hidden' class='gform_hidden' name='gform_theme' data-js='gform_theme_4' id='gform_theme_4' value='legacy' \/>\n            <input type='hidden' class='gform_hidden' name='gform_style_settings' data-js='gform_style_settings_4' id='gform_style_settings_4' value='[]' \/>\n            <input type='hidden' class='gform_hidden' name='is_submit_4' value='1' \/>\n            <input type='hidden' class='gform_hidden' name='gform_submit' value='4' \/>\n            \n            <input type='hidden' class='gform_hidden' name='gform_currency' data-currency='EUR' value='8UEdyeJysylrIldJLv32613XbFk5jAupCpzkOvP6SsfV0IxMxMGvikBgJs2WvBd2TIXlqk3YxnOR3ArQK40AbY9u9Iy9KyNgn5dhUdW4KmFVWSo=' \/>\n            <input type='hidden' class='gform_hidden' name='gform_unique_id' value='' \/>\n            <input type='hidden' class='gform_hidden' name='state_4' value='WyJbXSIsImVlN2IyMGE3YjVmNGY2ZWI3MjJjNzRkY2MzNGJhOTkxIl0=' \/>\n            <input type='hidden' autocomplete='off' class='gform_hidden' name='gform_target_page_number_4' id='gform_target_page_number_4' value='0' \/>\n            <input type='hidden' autocomplete='off' class='gform_hidden' name='gform_source_page_number_4' id='gform_source_page_number_4' value='1' \/>\n            <input type='hidden' name='gform_field_values' value='' \/>\n            \n        <\/div>\n                        <\/form>\n                        <\/div>\n\t\t                <iframe style='display:none;width:0px;height:0px;' src='about:blank' name='gform_ajax_frame_4' id='gform_ajax_frame_4' title='Cette iframe contient la logique n\u00e9cessaire pour manipuler Gravity Forms avec Ajax.'><\/iframe>\n\t\t                <script>\ngform.initializeOnLoaded( function() {gformInitSpinner( 4, 'https:\/\/trends-business-information.be\/wp-content\/plugins\/gravityforms\/images\/spinner.svg', true );jQuery('#gform_ajax_frame_4').on('load',function(){var contents = jQuery(this).contents().find('*').html();var is_postback = contents.indexOf('GF_AJAX_POSTBACK') >= 0;if(!is_postback){return;}var form_content = jQuery(this).contents().find('#gform_wrapper_4');var is_confirmation = jQuery(this).contents().find('#gform_confirmation_wrapper_4').length > 0;var is_redirect = contents.indexOf('gformRedirect(){') >= 0;var is_form = form_content.length > 0 && ! is_redirect && ! is_confirmation;var mt = parseInt(jQuery('html').css('margin-top'), 10) + parseInt(jQuery('body').css('margin-top'), 10) + 100;if(is_form){jQuery('#gform_wrapper_4').html(form_content.html());if(form_content.hasClass('gform_validation_error')){jQuery('#gform_wrapper_4').addClass('gform_validation_error');} else {jQuery('#gform_wrapper_4').removeClass('gform_validation_error');}setTimeout( function() { \/* delay the scroll by 50 milliseconds to fix a bug in chrome *\/ jQuery(document).scrollTop(jQuery('#gform_wrapper_4').offset().top - mt); }, 50 );if(window['gformInitDatepicker']) {gformInitDatepicker();}if(window['gformInitPriceFields']) {gformInitPriceFields();}var current_page = jQuery('#gform_source_page_number_4').val();gformInitSpinner( 4, 'https:\/\/trends-business-information.be\/wp-content\/plugins\/gravityforms\/images\/spinner.svg', true );jQuery(document).trigger('gform_page_loaded', [4, current_page]);window['gf_submitting_4'] = false;}else if(!is_redirect){var confirmation_content = jQuery(this).contents().find('.GF_AJAX_POSTBACK').html();if(!confirmation_content){confirmation_content = contents;}jQuery('#gform_wrapper_4').replaceWith(confirmation_content);jQuery(document).scrollTop(jQuery('#gf_4').offset().top - mt);jQuery(document).trigger('gform_confirmation_loaded', [4]);window['gf_submitting_4'] = false;wp.a11y.speak(jQuery('#gform_confirmation_message_4').text());}else{jQuery('#gform_4').append(contents);if(window['gformRedirect']) {gformRedirect();}}jQuery(document).trigger(\"gform_pre_post_render\", [{ formId: \"4\", currentPage: \"current_page\", abort: function() { this.preventDefault(); } }]);        if (event && event.defaultPrevented) {                return;        }        const gformWrapperDiv = document.getElementById( \"gform_wrapper_4\" );        if ( gformWrapperDiv ) {            const visibilitySpan = document.createElement( \"span\" );            visibilitySpan.id = \"gform_visibility_test_4\";            gformWrapperDiv.insertAdjacentElement( \"afterend\", visibilitySpan );        }        const visibilityTestDiv = document.getElementById( \"gform_visibility_test_4\" );        let postRenderFired = false;        function triggerPostRender() {            if ( postRenderFired ) {                return;            }            postRenderFired = true;            gform.core.triggerPostRenderEvents( 4, current_page );            if ( visibilityTestDiv ) {                visibilityTestDiv.parentNode.removeChild( visibilityTestDiv );            }        }        function debounce( func, wait, immediate ) {            var timeout;            return function() {                var context = this, args = arguments;                var later = function() {                    timeout = null;                    if ( !immediate ) func.apply( context, args );                };                var callNow = immediate && !timeout;                clearTimeout( timeout );                timeout = setTimeout( later, wait );                if ( callNow ) func.apply( context, args );            };        }        const debouncedTriggerPostRender = debounce( function() {            triggerPostRender();        }, 200 );        if ( visibilityTestDiv && visibilityTestDiv.offsetParent === null ) {            const observer = new MutationObserver( ( mutations ) => {                mutations.forEach( ( mutation ) => {                    if ( mutation.type === 'attributes' && visibilityTestDiv.offsetParent !== null ) {                        debouncedTriggerPostRender();                        observer.disconnect();                    }                });            });            observer.observe( document.body, {                attributes: true,                childList: false,                subtree: true,                attributeFilter: [ 'style', 'class' ],            });        } else {            triggerPostRender();        }    } );} );\n<\/script>\n\n","protected":false},"excerpt":{"rendered":"<p>Qu&rsquo;est-ce que le RGPD ? RGPD &nbsp; Le nouveau r\u00e8glement g\u00e9n\u00e9ral sur la protection des donn\u00e9es (RGPD) ou General Data Protection Regulation (GDPR) qui est entr\u00e9 en vigueur le 25 mai 2018 fait r\u00e9f\u00e9rence au r\u00e8glement (UE) 2016\/679 du Parlement europ\u00e9en et du Conseil du 27 avril 2016 relatif \u00e0 la protection des personnes physiques [&hellip;]<\/p>\n","protected":false},"author":12,"featured_media":0,"parent":0,"menu_order":0,"comment_status":"closed","ping_status":"closed","template":"","meta":{"_acf_changed":false,"footnotes":""},"categories":[],"tags":[],"class_list":["post-7653","page","type-page","status-publish","hentry"],"acf":[],"_links":{"self":[{"href":"https:\/\/trends-business-information.be\/fr\/wp-json\/wp\/v2\/pages\/7653","targetHints":{"allow":["GET"]}}],"collection":[{"href":"https:\/\/trends-business-information.be\/fr\/wp-json\/wp\/v2\/pages"}],"about":[{"href":"https:\/\/trends-business-information.be\/fr\/wp-json\/wp\/v2\/types\/page"}],"author":[{"embeddable":true,"href":"https:\/\/trends-business-information.be\/fr\/wp-json\/wp\/v2\/users\/12"}],"replies":[{"embeddable":true,"href":"https:\/\/trends-business-information.be\/fr\/wp-json\/wp\/v2\/comments?post=7653"}],"version-history":[{"count":0,"href":"https:\/\/trends-business-information.be\/fr\/wp-json\/wp\/v2\/pages\/7653\/revisions"}],"wp:attachment":[{"href":"https:\/\/trends-business-information.be\/fr\/wp-json\/wp\/v2\/media?parent=7653"}],"wp:term":[{"taxonomy":"category","embeddable":true,"href":"https:\/\/trends-business-information.be\/fr\/wp-json\/wp\/v2\/categories?post=7653"},{"taxonomy":"post_tag","embeddable":true,"href":"https:\/\/trends-business-information.be\/fr\/wp-json\/wp\/v2\/tags?post=7653"}],"curies":[{"name":"wp","href":"https:\/\/api.w.org\/{rel}","templated":true}]}}